{"id":217,"date":"2024-01-03T11:33:08","date_gmt":"2024-01-03T11:33:08","guid":{"rendered":"https:\/\/boostdigital.ba\/azmer\/?post_type=product&#038;p=217"},"modified":"2024-01-18T10:12:22","modified_gmt":"2024-01-18T10:12:22","slug":"set-serpica-5-u-1-emajl","status":"publish","type":"product","link":"https:\/\/boostdigital.ba\/azmer\/index.php\/product\/set-serpica-5-u-1-emajl\/","title":{"rendered":"Set \u0161erpica 5 u 1 &#8211; EMAJL"},"content":{"rendered":"<p>Predstavljamo vam set \u0161erpica &#8211; savr\u0161en dodatak za va\u0161u kuhinju. Ovaj komplet dolazi sa 5 razli\u010ditih \u0161erpi koje \u0107e vam omogu\u0107iti ve\u0107i izbor pripreme ukusnih jela.<\/p>\n<p>\u0160erpe su izra\u0111ene od visokokvalitetnog emajliranog materijala, \u0161to garantuje dugotrajnost i otpornost na habanje.<\/p>\n<p>Njihov lagani luksuzni dizajn \u0107e se lako uklopiti u svaku kuhinju.<\/p>\n<p>Ove \u0161erpe su ekolo\u0161ki prihvatljive, omogu\u0107avaju\u0107i vam pripremu ukusnih obroka bez negativnog uticaja na okolinu.<\/p>\n<p>Tako\u0111e, \u0161erpe dolaze neprianjaju\u0107im premazom, \u0161to vam daje potpunu kontrolu nad pripremom hrane<\/p>\n<p>Ovaj set dolazi u elegantnom pakovanju sa odgovaraju\u0107im poklopcem, \u010dine\u0107i ga savr\u0161enim poklonom za osobe koje sele u novi dom.<\/p>\n","protected":false},"excerpt":{"rendered":"<p>Karakteristike:<\/p>\n<p>Dostupna boja: crna<br \/>\nSet se sastoji od 5 \u0161erpica<br \/>\nDimenzije \u0161erpi: 16\/18\/20\/22\/24cm<br \/>\nMaterijal: emajl<\/p>\n","protected":false},"featured_media":218,"comment_status":"open","ping_status":"closed","template":"","meta":[],"product_cat":[15,18],"product_tag":[],"class_list":{"0":"post-217","1":"product","2":"type-product","3":"status-publish","4":"has-post-thumbnail","6":"product_cat-uncategorized","7":"product_cat-sale","9":"first","10":"instock","11":"sale","12":"shipping-taxable","13":"purchasable","14":"product-type-simple"},"acf":[],"_links":{"self":[{"href":"https:\/\/boostdigital.ba\/azmer\/index.php\/wp-json\/wp\/v2\/product\/217","targetHints":{"allow":["GET"]}}],"collection":[{"href":"https:\/\/boostdigital.ba\/azmer\/index.php\/wp-json\/wp\/v2\/product"}],"about":[{"href":"https:\/\/boostdigital.ba\/azmer\/index.php\/wp-json\/wp\/v2\/types\/product"}],"replies":[{"embeddable":true,"href":"https:\/\/boostdigital.ba\/azmer\/index.php\/wp-json\/wp\/v2\/comments?post=217"}],"wp:featuredmedia":[{"embeddable":true,"href":"https:\/\/boostdigital.ba\/azmer\/index.php\/wp-json\/wp\/v2\/media\/218"}],"wp:attachment":[{"href":"https:\/\/boostdigital.ba\/azmer\/index.php\/wp-json\/wp\/v2\/media?parent=217"}],"wp:term":[{"taxonomy":"product_cat","embeddable":true,"href":"https:\/\/boostdigital.ba\/azmer\/index.php\/wp-json\/wp\/v2\/product_cat?post=217"},{"taxonomy":"product_tag","embeddable":true,"href":"https:\/\/boostdigital.ba\/azmer\/index.php\/wp-json\/wp\/v2\/product_tag?post=217"}],"curies":[{"name":"wp","href":"https:\/\/api.w.org\/{rel}","templated":true}]}}