{"id":211,"date":"2024-01-03T11:29:53","date_gmt":"2024-01-03T11:29:53","guid":{"rendered":"https:\/\/boostdigital.ba\/azmer\/?post_type=product&#038;p=211"},"modified":"2024-01-18T10:12:21","modified_gmt":"2024-01-18T10:12:21","slug":"stapni-mikser-sokany","status":"publish","type":"product","link":"https:\/\/boostdigital.ba\/azmer\/index.php\/product\/stapni-mikser-sokany\/","title":{"rendered":"\u0160tapni mikser &#8211; SOKANY"},"content":{"rendered":"<p>Predstavljamo vam \u0160tapni mikser &#8211; va\u0161 vjerni saveznik u pripremi raznovrsnih napitaka i jela. Ovaj pametni \u0161tapni mikser donosi brojne prednosti u va\u0161u kuhinju.<\/p>\n<p>Milk\u0161ejkovi: Od kremastih milk\u0161ejkova do vo\u0107nih smutija, va\u0161 \u0161tapni mikser je pravi \u0161ampion u pripremi ukusnih napitaka. On je dovoljno mo\u0107an da lako samelje led i smrznuto vo\u0107e za va\u0161e omiljene napitke.<\/p>\n<p>Supice: Idealan za mije\u0161anje povr\u0107a, ovaj mikser \u0107e vam pomo\u0107i da pripremite omiljene supice sa lako\u0107om.<\/p>\n<p>Sosovi: Savr\u0161en za mije\u0161anje i sjedinjavanje sastojaka kako biste napravili razli\u010dite sosove, pru\u017eaju\u0107i odli\u010dnu podr\u0161ku za pripremu va\u0161ih omiljenih jela.<\/p>\n<p>Miks za jaja: Idealan za mu\u0107enje slatke pavlake ili bjelanaca, pru\u017ea odli\u010dnu pomo\u0107 pri pravljenju kola\u010da i deserta.<\/p>\n<p>Otporni Na Koroziju: Jedna od odli\u010dnih osobina ovog \u0161tapnog miksera su njegove o\u0161trice od nehr\u0111aju\u0107eg \u010delika koje su otporne na koroziju i pru\u017eaju vam glatko iskustvo mije\u0161anja prilikom pripreme omiljenih napitaka. Ku\u0107i\u0161te ovog malog \u0161tapnog miksera je napravljeno od ABS materijala, \u0161to ga \u010dini \u010dvrstim i izdr\u017eljivim. Jo\u0161 jedna prednost kori\u0161\u0107enja ABS materijala u njegovom ku\u0107i\u0161tu je laka odr\u017eavanje, \u0161to pove\u0107ava njegovu dugotrajnost.<\/p>\n<p>Sjajni i Ergonomski Dizajn: Gra\u0111en sa sjajnim, ergonomski dizajniranim ku\u0107i\u0161tem motora sa dr\u0161kom koja vam pru\u017ea udobnu i \u010dvrstu kontrolu nad mikserom.<\/p>\n<p>Veoma Lagan Za \u010ci\u0161\u0107enje: Osovina je pogodna za pranje u ma\u0161ini za pranje posu\u0111a, dok se ku\u0107i\u0161te lako \u010disti brisanjem mekom vla\u017enom krpom. Ovi dijelovi se lako razdvajaju i ponovo sastavljaju.<\/p>\n<p>Ovaj \u0161tapni mikser \u0107e vam olak\u0161ati pripremu raznovrsnih jela i napitaka, a njegova jednostavna upotreba i odr\u017eavanje \u010dine ga neprocjenjivim dodatkom va\u0161e kuhinje.<\/p>\n<p>\u010ci\u0161\u0107enje i Odr\u017eavanje:<\/p>\n<p>Sipate malo tople vode u posudu i postavite brzinu na M-poziciju na nekoliko sekundi.<br \/>\nUklonite posudu i isperite pod teku\u0107om vodom.<br \/>\nObri\u0161ite spoljni deo Motorne jedinice mekom vla\u017enom krpom, nemojte koristiti abrazivna sredstva.<br \/>\nNikada ne uranjajte Motornu jedinicu u vodu radi \u010di\u0161\u0107enja, i svi delovi nisu pogodni za pranje u ma\u0161ini za pranje posu\u0111a.<br \/>\nOsu\u0161ite sve dijelove i ponovo ih sastavite<\/p>\n","protected":false},"excerpt":{"rendered":"<p>Predstavljamo vam \u0160tapni mikser &#8211; va\u0161 vjerni saveznik u pripremi raznovrsnih napitaka i jela. Ovaj pametni \u0161tapni mikser donosi brojne prednosti u va\u0161u kuhinju. Milk\u0161ejkovi: Od kremastih milk\u0161ejkova do vo\u0107nih<\/p>\n","protected":false},"featured_media":212,"comment_status":"open","ping_status":"closed","template":"","meta":[],"product_cat":[15,18],"product_tag":[],"class_list":{"0":"post-211","1":"product","2":"type-product","3":"status-publish","4":"has-post-thumbnail","6":"product_cat-uncategorized","7":"product_cat-sale","9":"first","10":"instock","11":"sale","12":"shipping-taxable","13":"purchasable","14":"product-type-simple"},"acf":[],"_links":{"self":[{"href":"https:\/\/boostdigital.ba\/azmer\/index.php\/wp-json\/wp\/v2\/product\/211","targetHints":{"allow":["GET"]}}],"collection":[{"href":"https:\/\/boostdigital.ba\/azmer\/index.php\/wp-json\/wp\/v2\/product"}],"about":[{"href":"https:\/\/boostdigital.ba\/azmer\/index.php\/wp-json\/wp\/v2\/types\/product"}],"replies":[{"embeddable":true,"href":"https:\/\/boostdigital.ba\/azmer\/index.php\/wp-json\/wp\/v2\/comments?post=211"}],"wp:featuredmedia":[{"embeddable":true,"href":"https:\/\/boostdigital.ba\/azmer\/index.php\/wp-json\/wp\/v2\/media\/212"}],"wp:attachment":[{"href":"https:\/\/boostdigital.ba\/azmer\/index.php\/wp-json\/wp\/v2\/media?parent=211"}],"wp:term":[{"taxonomy":"product_cat","embeddable":true,"href":"https:\/\/boostdigital.ba\/azmer\/index.php\/wp-json\/wp\/v2\/product_cat?post=211"},{"taxonomy":"product_tag","embeddable":true,"href":"https:\/\/boostdigital.ba\/azmer\/index.php\/wp-json\/wp\/v2\/product_tag?post=211"}],"curies":[{"name":"wp","href":"https:\/\/api.w.org\/{rel}","templated":true}]}}