{"id":209,"date":"2024-01-03T11:26:54","date_gmt":"2024-01-03T11:26:54","guid":{"rendered":"https:\/\/boostdigital.ba\/azmer\/?post_type=product&#038;p=209"},"modified":"2024-01-18T10:12:21","modified_gmt":"2024-01-18T10:12:21","slug":"air-fryer-friteza-na-vruci-zrak-1400w","status":"publish","type":"product","link":"https:\/\/boostdigital.ba\/azmer\/index.php\/product\/air-fryer-friteza-na-vruci-zrak-1400w\/","title":{"rendered":"Air Fryer friteza na vru\u0107i zrak &#8211; 1400W"},"content":{"rendered":"<p>Predstavljamo vam modernu fritezu za vazdu\u0161no pr\u017eenje sa kapacitetom od 2,5 litara, koja nudi brojne funkcije, tajmer, veliki kapacitet i elektri\u010dno napajanje &#8211; idealan poklon za sve ljubitelje hrskave hrane bez ulja i bez dima.<\/p>\n<p>Ova friteza ima mnoge impresivne karakteristike. Sa snagom od 1400W, inteligentnom regulacijom temperature i 7 klju\u010dnih recepata, omogu\u0107ava vam da lako pripremate razli\u010dite vrste jela. Sa velikim kapacitetom od 2,5 litara, ova friteza je savr\u0161ena za pripremu ve\u0107ih obroka.<\/p>\n<p>Bezbjednost je tako\u0111e od su\u0161tinskog zna\u010daja. Friteza je opremljena integrisanim sigurnosnim dr\u017ea\u010dem sa termoizolacijom i za\u0161titom od opekotina. Pozadi se nalaze otvori za disipaciju toplote koji \u0161tite sistem ure\u0111aja. Silikonske podlo\u0161ke za protivklizanje obezbe\u0111uju dodatnu termoizolaciju i spre\u010davaju opekotine.<\/p>\n<p>Ova friteza je dizajnirana da zadovolji sve va\u0161e kulinarske \u017eelje. Bilo da pripremate pile\u0107a krilca, pomfrit, hrskavu koru luka, tartove od jaja, proljetne rolnice, pe\u010dene slatke krompire, ribu, meso ili morske plodove, zahvaljuju\u0107i svojoj snazi od 1400 vati i 360 stepeni cirkulaciji vru\u0107eg zraka, brzo \u0107e ukloniti vi\u0161ak masno\u0107e, \u010dine\u0107i va\u0161e obroke ukusnim i zdravim istovremeno.<\/p>\n<p>S pametnim dizajnom koji uklju\u010duje manje dimenzije i ve\u0107i kapacitet, ova friteza \u0107e se lako uklopiti u va\u0161u kuhinju i olak\u0161ati skladi\u0161tenje. U\u017eivajte u ukusnim obrocima bez vi\u0161ka kalorija, dima i nepravilnog pr\u017eenja uz ovu modernu fritezu za vazdu\u0161no pr\u017eenje.<\/p>\n","protected":false},"excerpt":{"rendered":"<p>Predstavljamo vam modernu fritezu za vazdu\u0161no pr\u017eenje sa kapacitetom od 2,5 litara, koja nudi brojne funkcije, tajmer, veliki kapacitet i elektri\u010dno napajanje &#8211; idealan poklon za sve ljubitelje hrskave hrane<\/p>\n","protected":false},"featured_media":210,"comment_status":"open","ping_status":"closed","template":"","meta":[],"product_cat":[15,18],"product_tag":[],"class_list":{"0":"post-209","1":"product","2":"type-product","3":"status-publish","4":"has-post-thumbnail","6":"product_cat-uncategorized","7":"product_cat-sale","9":"first","10":"instock","11":"sale","12":"shipping-taxable","13":"purchasable","14":"product-type-simple"},"acf":[],"_links":{"self":[{"href":"https:\/\/boostdigital.ba\/azmer\/index.php\/wp-json\/wp\/v2\/product\/209","targetHints":{"allow":["GET"]}}],"collection":[{"href":"https:\/\/boostdigital.ba\/azmer\/index.php\/wp-json\/wp\/v2\/product"}],"about":[{"href":"https:\/\/boostdigital.ba\/azmer\/index.php\/wp-json\/wp\/v2\/types\/product"}],"replies":[{"embeddable":true,"href":"https:\/\/boostdigital.ba\/azmer\/index.php\/wp-json\/wp\/v2\/comments?post=209"}],"wp:featuredmedia":[{"embeddable":true,"href":"https:\/\/boostdigital.ba\/azmer\/index.php\/wp-json\/wp\/v2\/media\/210"}],"wp:attachment":[{"href":"https:\/\/boostdigital.ba\/azmer\/index.php\/wp-json\/wp\/v2\/media?parent=209"}],"wp:term":[{"taxonomy":"product_cat","embeddable":true,"href":"https:\/\/boostdigital.ba\/azmer\/index.php\/wp-json\/wp\/v2\/product_cat?post=209"},{"taxonomy":"product_tag","embeddable":true,"href":"https:\/\/boostdigital.ba\/azmer\/index.php\/wp-json\/wp\/v2\/product_tag?post=209"}],"curies":[{"name":"wp","href":"https:\/\/api.w.org\/{rel}","templated":true}]}}