{"id":189,"date":"2024-01-03T11:15:45","date_gmt":"2024-01-03T11:15:45","guid":{"rendered":"https:\/\/boostdigital.ba\/azmer\/?post_type=product&#038;p=189"},"modified":"2024-01-18T10:12:21","modified_gmt":"2024-01-18T10:12:21","slug":"set-za-dekoraciju-kolaca-i-torti","status":"publish","type":"product","link":"https:\/\/boostdigital.ba\/azmer\/index.php\/product\/set-za-dekoraciju-kolaca-i-torti\/","title":{"rendered":"Set za dekoraciju kola\u010da i torti"},"content":{"rendered":"<p>Predstavljamo poseban komplet alata koji \u0107e vam pomo\u0107i da kola\u010de u\u010dinite prelijepim. S ovim setom, lako \u0107ete ukra\u0161avati kola\u010de i \u010diniti ih primamljivim. Imate razli\u010dite alate za oblikovanje i ukra\u0161avanje kola\u010da, stvaranje lijepih detalja, cvije\u0107a i jo\u0161 mnogo toga.<\/p>\n<p>Karakteristike proizvoda:<\/p>\n<p>U kompletu se nalazi 92 alata napravljenih od izdr\u017eljivog nehr\u0111aju\u0107eg \u010delika i \u010dvrste plastike, \u0161to \u0107e zadovoljiti sve va\u0161e potrebe za kreativnim ukra\u0161avanjem kola\u010da.<br \/>\nAlati su jednostavni za kori\u0161tenje i omogu\u0107uju vam da budete kreativni u svakom trenutku.<br \/>\nProtuklizna podloga omogu\u0107uje glatko okretanje, \u0161to \u0107e vam pomo\u0107i da lako ukra\u0161avate kola\u010de.<br \/>\nOvaj komplet je izdr\u017eljiv i dugotrajan, pru\u017eaju\u0107i vam dugotrajno zadovoljstvo u ukra\u0161avanju kola\u010da.<br \/>\nPostanite pravi majstor u ukra\u0161avanju kola\u010da s kompletom za ukra\u0161avanje torti i kola\u010da i pretvorite svaku slasticu u pravo umjetni\u010dko djelo. Ovaj set je savr\u0161en za sve ljubitelje slastica koji \u017eele uljep\u0161ati svoje kola\u010de, kako amateri tako i profesionalci. O\u017eivite svoju kreativnost i odu\u0161evite svoje goste s prefinjenim i lijepim dekoracijama koriste\u0107i ovaj izvanredan komplet za ukra\u0161avanje kola\u010da.<\/p>\n","protected":false},"excerpt":{"rendered":"<p>Predstavljamo poseban komplet alata koji \u0107e vam pomo\u0107i da kola\u010de u\u010dinite prelijepim. S ovim setom, lako \u0107ete ukra\u0161avati kola\u010de i \u010diniti ih primamljivim. Imate razli\u010dite alate za oblikovanje i ukra\u0161avanje<\/p>\n","protected":false},"featured_media":190,"comment_status":"open","ping_status":"closed","template":"","meta":[],"product_cat":[15,18],"product_tag":[],"class_list":{"0":"post-189","1":"product","2":"type-product","3":"status-publish","4":"has-post-thumbnail","6":"product_cat-uncategorized","7":"product_cat-sale","9":"first","10":"instock","11":"sale","12":"shipping-taxable","13":"purchasable","14":"product-type-simple"},"acf":[],"_links":{"self":[{"href":"https:\/\/boostdigital.ba\/azmer\/index.php\/wp-json\/wp\/v2\/product\/189","targetHints":{"allow":["GET"]}}],"collection":[{"href":"https:\/\/boostdigital.ba\/azmer\/index.php\/wp-json\/wp\/v2\/product"}],"about":[{"href":"https:\/\/boostdigital.ba\/azmer\/index.php\/wp-json\/wp\/v2\/types\/product"}],"replies":[{"embeddable":true,"href":"https:\/\/boostdigital.ba\/azmer\/index.php\/wp-json\/wp\/v2\/comments?post=189"}],"wp:featuredmedia":[{"embeddable":true,"href":"https:\/\/boostdigital.ba\/azmer\/index.php\/wp-json\/wp\/v2\/media\/190"}],"wp:attachment":[{"href":"https:\/\/boostdigital.ba\/azmer\/index.php\/wp-json\/wp\/v2\/media?parent=189"}],"wp:term":[{"taxonomy":"product_cat","embeddable":true,"href":"https:\/\/boostdigital.ba\/azmer\/index.php\/wp-json\/wp\/v2\/product_cat?post=189"},{"taxonomy":"product_tag","embeddable":true,"href":"https:\/\/boostdigital.ba\/azmer\/index.php\/wp-json\/wp\/v2\/product_tag?post=189"}],"curies":[{"name":"wp","href":"https:\/\/api.w.org\/{rel}","templated":true}]}}