{"id":180,"date":"2024-01-03T10:56:33","date_gmt":"2024-01-03T10:56:33","guid":{"rendered":"https:\/\/boostdigital.ba\/azmer\/?post_type=product&#038;p=180"},"modified":"2024-01-18T10:12:21","modified_gmt":"2024-01-18T10:12:21","slug":"weixier-torba-vintage","status":"publish","type":"product","link":"https:\/\/boostdigital.ba\/azmer\/index.php\/product\/weixier-torba-vintage\/","title":{"rendered":"WEIXIER torba &#8211; Vintage"},"content":{"rendered":"<p>Mu\u0161ka torba izra\u0111ena je od izdr\u017eljive ko\u017ee i glatkih patentnih zatvara\u010da, mo\u017ee se lako i udobno zatvarati, ko\u017ea torbe je prekrasna sjajna svje\u017ea i lako se \u010disti.<br \/>\nMu\u0161ka torba na rame ima gornju ru\u010dku i podesive naramenice (naramenice se ne skidaju), a mo\u017eete ih prilagoditi kako god \u017eelite.<br \/>\nBrigu za Va\u0161im stvarima zaboravit jer ova torba ima dovoljno prostora za sve Va\u0161e sitne stvari, kao \u0161to su: mobilni telefon, klju\u010devi, paso\u0161i, kreditne kartice, dokumenti i gotovina.<br \/>\nDimenzija torbe je: 21X 7 X 26 cm<br \/>\nDostupne boje:<br \/>\n\u2022 Crna<br \/>\n\u2022 Svijetlo sme\u0111a<br \/>\n\u2022 Tamno sme\u0111a<\/p>\n<p>Savr\u0161ena kao torba za bicikl, torba za fakultet, torba za svakodnevnicu, uredska torba, gradska torba.<br \/>\nTorba preko ramena je lijep poklon za oca, mu\u017ea i sve mu\u0161ke prijatelje.<\/p>\n","protected":false},"excerpt":{"rendered":"<p>Karakteristike:<br \/>\n\u2022 Dimenzije: 21x7x26 cm<br \/>\n\u2022 Dostupne boje: crna, tamno sme\u0111a i svijetlo sme\u0111a<br \/>\n\u2022 Materijal: ko\u017ea<\/p>\n","protected":false},"featured_media":182,"comment_status":"open","ping_status":"closed","template":"","meta":[],"product_cat":[15,18],"product_tag":[],"class_list":{"0":"post-180","1":"product","2":"type-product","3":"status-publish","4":"has-post-thumbnail","6":"product_cat-uncategorized","7":"product_cat-sale","9":"first","10":"instock","11":"sale","12":"shipping-taxable","13":"purchasable","14":"product-type-simple"},"acf":[],"_links":{"self":[{"href":"https:\/\/boostdigital.ba\/azmer\/index.php\/wp-json\/wp\/v2\/product\/180","targetHints":{"allow":["GET"]}}],"collection":[{"href":"https:\/\/boostdigital.ba\/azmer\/index.php\/wp-json\/wp\/v2\/product"}],"about":[{"href":"https:\/\/boostdigital.ba\/azmer\/index.php\/wp-json\/wp\/v2\/types\/product"}],"replies":[{"embeddable":true,"href":"https:\/\/boostdigital.ba\/azmer\/index.php\/wp-json\/wp\/v2\/comments?post=180"}],"wp:featuredmedia":[{"embeddable":true,"href":"https:\/\/boostdigital.ba\/azmer\/index.php\/wp-json\/wp\/v2\/media\/182"}],"wp:attachment":[{"href":"https:\/\/boostdigital.ba\/azmer\/index.php\/wp-json\/wp\/v2\/media?parent=180"}],"wp:term":[{"taxonomy":"product_cat","embeddable":true,"href":"https:\/\/boostdigital.ba\/azmer\/index.php\/wp-json\/wp\/v2\/product_cat?post=180"},{"taxonomy":"product_tag","embeddable":true,"href":"https:\/\/boostdigital.ba\/azmer\/index.php\/wp-json\/wp\/v2\/product_tag?post=180"}],"curies":[{"name":"wp","href":"https:\/\/api.w.org\/{rel}","templated":true}]}}