{"id":173,"date":"2024-01-03T10:53:26","date_gmt":"2024-01-03T10:53:26","guid":{"rendered":"https:\/\/boostdigital.ba\/azmer\/?post_type=product&#038;p=173"},"modified":"2024-01-18T10:12:21","modified_gmt":"2024-01-18T10:12:21","slug":"weixier-torba-klasik","status":"publish","type":"product","link":"https:\/\/boostdigital.ba\/azmer\/index.php\/product\/weixier-torba-klasik\/","title":{"rendered":"WEIXIER torba &#8211; Klasik"},"content":{"rendered":"<p>Ova ko\u017eba torba govori sama za sebe.<br \/>\nMo\u017eete koristiti preko ramena i preko tijela ovisno o tome kako se osje\u0107ate tokom no\u0161enja.<br \/>\nTo je torba od visokokvalitetne ko\u017ee.<br \/>\nNjena unutra\u0161njost ima dovoljno prostora za smje\u0161taj va\u0161ih stvari, mobitela i ostalog.<br \/>\nZa\u0161tite Va\u0161e stvari od vremenskih uvjeta pomo\u0107u izdr\u017eljivog i vodootpornog materijala ko\u017ee.<br \/>\nBrz pristup telefonu i sitnim stvarima u gornjem d\u017eepu.<br \/>\nDolazi u dvije razli\u010dite boje koje mo\u017eete izabrati a to su crna i sme\u0111a.<\/p>\n","protected":false},"excerpt":{"rendered":"<p>Mu\u0161ka klasi\u010dna torba preko ramena karakteristike:<br \/>\n\u2022 Dostupne boje: sme\u0111a i crna<br \/>\n\u2022 Materijal: PU ko\u017ea<br \/>\n\u2022 Dimenzije: 28x25x6cm<\/p>\n","protected":false},"featured_media":174,"comment_status":"open","ping_status":"closed","template":"","meta":[],"product_cat":[15,18],"product_tag":[],"class_list":{"0":"post-173","1":"product","2":"type-product","3":"status-publish","4":"has-post-thumbnail","6":"product_cat-uncategorized","7":"product_cat-sale","9":"first","10":"instock","11":"sale","12":"shipping-taxable","13":"purchasable","14":"product-type-simple"},"acf":[],"_links":{"self":[{"href":"https:\/\/boostdigital.ba\/azmer\/index.php\/wp-json\/wp\/v2\/product\/173","targetHints":{"allow":["GET"]}}],"collection":[{"href":"https:\/\/boostdigital.ba\/azmer\/index.php\/wp-json\/wp\/v2\/product"}],"about":[{"href":"https:\/\/boostdigital.ba\/azmer\/index.php\/wp-json\/wp\/v2\/types\/product"}],"replies":[{"embeddable":true,"href":"https:\/\/boostdigital.ba\/azmer\/index.php\/wp-json\/wp\/v2\/comments?post=173"}],"wp:featuredmedia":[{"embeddable":true,"href":"https:\/\/boostdigital.ba\/azmer\/index.php\/wp-json\/wp\/v2\/media\/174"}],"wp:attachment":[{"href":"https:\/\/boostdigital.ba\/azmer\/index.php\/wp-json\/wp\/v2\/media?parent=173"}],"wp:term":[{"taxonomy":"product_cat","embeddable":true,"href":"https:\/\/boostdigital.ba\/azmer\/index.php\/wp-json\/wp\/v2\/product_cat?post=173"},{"taxonomy":"product_tag","embeddable":true,"href":"https:\/\/boostdigital.ba\/azmer\/index.php\/wp-json\/wp\/v2\/product_tag?post=173"}],"curies":[{"name":"wp","href":"https:\/\/api.w.org\/{rel}","templated":true}]}}