{"id":166,"date":"2024-01-03T10:36:41","date_gmt":"2024-01-03T10:36:41","guid":{"rendered":"https:\/\/boostdigital.ba\/azmer\/?post_type=product&#038;p=166"},"modified":"2024-01-18T10:12:20","modified_gmt":"2024-01-18T10:12:20","slug":"weixier-torba-za-prsa","status":"publish","type":"product","link":"https:\/\/boostdigital.ba\/azmer\/index.php\/product\/weixier-torba-za-prsa\/","title":{"rendered":"WEIXIER &#8211; Torba za prsa"},"content":{"rendered":"<p>Imate strah od no\u0161enja stvari po d\u017eepovima?<br \/>\nMi imamo svr\u0161eno rije\u0161enje za Vas, a to je: WEIXIER &#8211; Torba za prsa.<\/p>\n<p>Za\u0161tite Va\u0161e stvari od vremenskih uvjeta pomo\u0107u izdr\u017eljivog i vodootpornog materijala ko\u017ee.<\/p>\n<p>Brz pristup telefonu i sitnim stvarima u gornjem d\u017eepu.<\/p>\n<p>Pored toga \u0161to \u0107ete biti glavni u dru\u0161tvu Va\u0161e stvari \u0107e biti sigurno od ispadanja i sli\u010dni stvari.<\/p>\n<p>Za\u0161tite Va\u0161e stvari od vremenskih uvjeta pomo\u0107u izdr\u017eljivog i vodootpornog materijala.<\/p>\n<p>Nadogradite svoj svakodnevni izgled kvalitetnom ko\u017enom i sinteti\u010dkom torbom.<\/p>\n<p>U torbu mo\u017eete ubaciti:<\/p>\n<p>telefon<br \/>\nolovke<br \/>\nkartice<br \/>\nklju\u010d<br \/>\nnovac<br \/>\nbilo koje druge sitnice<br \/>\nDostupne boje:<\/p>\n<p>crna<br \/>\nsme\u0111a<\/p>\n","protected":false},"excerpt":{"rendered":"<p>Mu\u0161ka torba preko ramena \u2013 WEIXIER karakteristike:<\/p>\n<p>Dimenzije: 32*16*12cm<br \/>\nMaterijal: ko\u017ea<br \/>\nTorba velikog kapaciteta<br \/>\nDostupne boje: sme\u0111a i crna<br \/>\nVodootporna<\/p>\n","protected":false},"featured_media":167,"comment_status":"open","ping_status":"closed","template":"","meta":[],"product_cat":[15,18],"product_tag":[],"class_list":{"0":"post-166","1":"product","2":"type-product","3":"status-publish","4":"has-post-thumbnail","6":"product_cat-uncategorized","7":"product_cat-sale","9":"first","10":"instock","11":"sale","12":"shipping-taxable","13":"purchasable","14":"product-type-simple"},"acf":[],"_links":{"self":[{"href":"https:\/\/boostdigital.ba\/azmer\/index.php\/wp-json\/wp\/v2\/product\/166","targetHints":{"allow":["GET"]}}],"collection":[{"href":"https:\/\/boostdigital.ba\/azmer\/index.php\/wp-json\/wp\/v2\/product"}],"about":[{"href":"https:\/\/boostdigital.ba\/azmer\/index.php\/wp-json\/wp\/v2\/types\/product"}],"replies":[{"embeddable":true,"href":"https:\/\/boostdigital.ba\/azmer\/index.php\/wp-json\/wp\/v2\/comments?post=166"}],"wp:featuredmedia":[{"embeddable":true,"href":"https:\/\/boostdigital.ba\/azmer\/index.php\/wp-json\/wp\/v2\/media\/167"}],"wp:attachment":[{"href":"https:\/\/boostdigital.ba\/azmer\/index.php\/wp-json\/wp\/v2\/media?parent=166"}],"wp:term":[{"taxonomy":"product_cat","embeddable":true,"href":"https:\/\/boostdigital.ba\/azmer\/index.php\/wp-json\/wp\/v2\/product_cat?post=166"},{"taxonomy":"product_tag","embeddable":true,"href":"https:\/\/boostdigital.ba\/azmer\/index.php\/wp-json\/wp\/v2\/product_tag?post=166"}],"curies":[{"name":"wp","href":"https:\/\/api.w.org\/{rel}","templated":true}]}}