{"id":151,"date":"2024-01-03T09:19:59","date_gmt":"2024-01-03T09:19:59","guid":{"rendered":"https:\/\/boostdigital.ba\/azmer\/?post_type=product&#038;p=151"},"modified":"2024-01-18T10:12:20","modified_gmt":"2024-01-18T10:12:20","slug":"set-zenskih-torbi-6-u-1","status":"publish","type":"product","link":"https:\/\/boostdigital.ba\/azmer\/index.php\/product\/set-zenskih-torbi-6-u-1\/","title":{"rendered":"Set \u017eenskih torbi 6 u 1"},"content":{"rendered":"<p>Set \u017eenskih torbi 6 u 1 napravljen je od mekog materijala kao \u0161to je poliester.<\/p>\n<p>Ove torbe su idealna poklon za ro\u0111endan ili neki praznik, Va\u0161e majke supruge i k\u0107erke \u0107e u\u017eivati u ovom poklonu.<\/p>\n<p>Dimenzije:<br \/>\nVelika torba : Visina 29,5cm x \u0160irina\u00a0 31cm x \u0160irina dna 13cm x Du\u017eina kaj\u0161a 23cm<\/p>\n<p>Srednja torba : Visina 21cm x \u0160irina 29,5 x \u0160irina dna 9,5cm<\/p>\n<p>Manja torba: Visina 17cm x \u0160irina 26cm x \u0160irina dna 11,5cm x Du\u017eina rucke 10cm<\/p>\n<p>Manji neseser: Visina 8,5cm x \u0160irina 17cm x \u0160irina dna 6,5 cm<\/p>\n<p>Nov\u010danik: Visina 9,5cm x \u0160irina 19cm<\/p>\n<p>Futrola za klju\u010deve: Visina 10,5cm x \u0160irina 6cm<\/p>\n","protected":false},"excerpt":{"rendered":"<p>Set \u017eenskih torbi 6 u 1 napravljen je od mekog materijala kao \u0161to je poliester. Ove torbe su idealna poklon za ro\u0111endan ili neki praznik, Va\u0161e majke supruge i k\u0107erke<\/p>\n","protected":false},"featured_media":152,"comment_status":"open","ping_status":"closed","template":"","meta":[],"product_cat":[15,18],"product_tag":[],"class_list":{"0":"post-151","1":"product","2":"type-product","3":"status-publish","4":"has-post-thumbnail","6":"product_cat-uncategorized","7":"product_cat-sale","9":"first","10":"instock","11":"sale","12":"shipping-taxable","13":"purchasable","14":"product-type-simple"},"acf":[],"_links":{"self":[{"href":"https:\/\/boostdigital.ba\/azmer\/index.php\/wp-json\/wp\/v2\/product\/151","targetHints":{"allow":["GET"]}}],"collection":[{"href":"https:\/\/boostdigital.ba\/azmer\/index.php\/wp-json\/wp\/v2\/product"}],"about":[{"href":"https:\/\/boostdigital.ba\/azmer\/index.php\/wp-json\/wp\/v2\/types\/product"}],"replies":[{"embeddable":true,"href":"https:\/\/boostdigital.ba\/azmer\/index.php\/wp-json\/wp\/v2\/comments?post=151"}],"wp:featuredmedia":[{"embeddable":true,"href":"https:\/\/boostdigital.ba\/azmer\/index.php\/wp-json\/wp\/v2\/media\/152"}],"wp:attachment":[{"href":"https:\/\/boostdigital.ba\/azmer\/index.php\/wp-json\/wp\/v2\/media?parent=151"}],"wp:term":[{"taxonomy":"product_cat","embeddable":true,"href":"https:\/\/boostdigital.ba\/azmer\/index.php\/wp-json\/wp\/v2\/product_cat?post=151"},{"taxonomy":"product_tag","embeddable":true,"href":"https:\/\/boostdigital.ba\/azmer\/index.php\/wp-json\/wp\/v2\/product_tag?post=151"}],"curies":[{"name":"wp","href":"https:\/\/api.w.org\/{rel}","templated":true}]}}