{"id":145,"date":"2024-01-03T09:10:27","date_gmt":"2024-01-03T09:10:27","guid":{"rendered":"https:\/\/boostdigital.ba\/azmer\/?post_type=product&#038;p=145"},"modified":"2024-01-18T10:12:20","modified_gmt":"2024-01-18T10:12:20","slug":"zastitite-kupaonicu-i-kuhinju-od-vode-jednostavno-postavljanje-u-nekoliko-trenutaka-rezite-makazama-na-mjeru-koja-vam-odgovara-jednostavno-obrisite-vodu-i-prljavstinu-bez-pola-muke-dostupne-boje-bije","status":"publish","type":"product","link":"https:\/\/boostdigital.ba\/azmer\/index.php\/product\/zastitite-kupaonicu-i-kuhinju-od-vode-jednostavno-postavljanje-u-nekoliko-trenutaka-rezite-makazama-na-mjeru-koja-vam-odgovara-jednostavno-obrisite-vodu-i-prljavstinu-bez-pola-muke-dostupne-boje-bije\/","title":{"rendered":"Za\u0161titite kupaonicu i kuhinju od vode Jednostavno postavljanje u nekoliko trenutaka Re\u017eite makazama na mjeru koja vam odgovara Jednostavno obri\u0161ite vodu i prljav\u0161tinu bez pola muke Dostupne boje: bijela crna siva svijetlo sme\u0111a roza"},"content":{"rendered":"<p>\u010cetverodijelni set podloga protiv buke i klizanja za ve\u0161 ma\u0161inu.<\/p>\n<p>U ovom kopletu dobijete 4 komada poodloga\u00a0<strong>(set za jednu ma\u0161inu)<\/strong>.<\/p>\n<p>Sprje\u010davaju \u0161irenje dosadnih i glasnih zvukova koje proizvodi Va\u0161a ve\u0161 ma\u0161ina.<\/p>\n<p><strong>Podloge<\/strong>\u00a0sprje\u010davaju preko 95 % svih vibracija koje proizvodi va\u0161a ma\u0161ina za ve\u0161 tokom pranja, uz to sprje\u010dava nakupljanje vlage ispod ma\u0161ine.<\/p>\n<p>Pored toga sprje\u010dava o\u0161te\u0107enje va\u0161e ve\u0161 ma\u0161ine i va\u0161eg poda.<\/p>\n<p><strong>Podloge<\/strong>\u00a0se jednostavno ugra\u0111uju tako \u0161to ih samo stavite ispod stopa ma\u0161ine za ve\u0161.<\/p>\n<p>Nema potrebe da brinute za estetski izgled jer se uklapa u sve vrste enterijera.<\/p>\n<p><strong>RIJE\u0160ITE SE DOSADNIH ZVUKOVA I VIBRACIJA!<\/strong><\/p>\n<h3><strong>Kako ove podloge zapravo funkcioni\u0161u?<\/strong><\/h3>\n<p><strong>SLIPSTOP podloge<\/strong>\u00a0sprje\u010davaju podrhtavanje ve\u0161 ma\u0161ine uz pomo\u0107 neklizaju\u0107e gume koja apsorbira zvuk!<\/p>\n<p><strong>Uklonite \u0161irenje neugodnih zvukova i za\u0161titite svoj ure\u0111aj i pod!<\/strong><\/p>\n","protected":false},"excerpt":{"rendered":"<p>Set podloga protiv buke i klizanja ve\u0161 ma\u0161ine karakteristike:<\/p>\n<ul>\n<li><strong>Dimenzije:<\/strong>\u00a0Visina: 4 cm \/ Du\u017eina 8 cm<\/li>\n<li><strong>Materijal:<\/strong>\u00a0plastika od smolastih vlakana, TPU ljepilo<\/li>\n<li><strong>Paket uklju\u010duje:<\/strong>\u00a04X podlogu za ve\u0161 ma\u0161inu<\/li>\n<\/ul>\n","protected":false},"featured_media":146,"comment_status":"open","ping_status":"closed","template":"","meta":[],"product_cat":[15,18],"product_tag":[],"class_list":{"0":"post-145","1":"product","2":"type-product","3":"status-publish","4":"has-post-thumbnail","6":"product_cat-uncategorized","7":"product_cat-sale","9":"first","10":"instock","11":"sale","12":"shipping-taxable","13":"purchasable","14":"product-type-simple"},"acf":[],"_links":{"self":[{"href":"https:\/\/boostdigital.ba\/azmer\/index.php\/wp-json\/wp\/v2\/product\/145","targetHints":{"allow":["GET"]}}],"collection":[{"href":"https:\/\/boostdigital.ba\/azmer\/index.php\/wp-json\/wp\/v2\/product"}],"about":[{"href":"https:\/\/boostdigital.ba\/azmer\/index.php\/wp-json\/wp\/v2\/types\/product"}],"replies":[{"embeddable":true,"href":"https:\/\/boostdigital.ba\/azmer\/index.php\/wp-json\/wp\/v2\/comments?post=145"}],"wp:featuredmedia":[{"embeddable":true,"href":"https:\/\/boostdigital.ba\/azmer\/index.php\/wp-json\/wp\/v2\/media\/146"}],"wp:attachment":[{"href":"https:\/\/boostdigital.ba\/azmer\/index.php\/wp-json\/wp\/v2\/media?parent=145"}],"wp:term":[{"taxonomy":"product_cat","embeddable":true,"href":"https:\/\/boostdigital.ba\/azmer\/index.php\/wp-json\/wp\/v2\/product_cat?post=145"},{"taxonomy":"product_tag","embeddable":true,"href":"https:\/\/boostdigital.ba\/azmer\/index.php\/wp-json\/wp\/v2\/product_tag?post=145"}],"curies":[{"name":"wp","href":"https:\/\/api.w.org\/{rel}","templated":true}]}}