{"id":135,"date":"2024-01-03T08:57:57","date_gmt":"2024-01-03T08:57:57","guid":{"rendered":"https:\/\/boostdigital.ba\/azmer\/?post_type=product&#038;p=135"},"modified":"2024-01-18T10:12:20","modified_gmt":"2024-01-18T10:12:20","slug":"vodootporna-traka-za-kupaonicu-i-kuhinju","status":"publish","type":"product","link":"https:\/\/boostdigital.ba\/azmer\/index.php\/product\/vodootporna-traka-za-kupaonicu-i-kuhinju\/","title":{"rendered":"Vodootporna traka za kupaonicu i kuhinju"},"content":{"rendered":"<p><strong>Kako vam samoljepljiva traka za kupaonicu i kuhinju mo\u017ee koristiti:<\/strong><\/p>\n<ul>\n<li>Korisno prije svega za kuhinju i kupaonicu, umivaonike, kade, tu\u0161 kabine, kuhinjske plo\u010de itd.,<\/li>\n<li>Jednostavno postavljanje sa samoljepljivom trakom,<\/li>\n<li>Materijal: Bijela traka je napravljena od PVC materijala koji je netoksi\u010dan, vodootporan.<\/li>\n<\/ul>\n<p>Dimenzije: du\u017eina 3,2 m, \u0161irina 2 cm,<\/p>\n<ul>\n<li>Otporna na vlagu, vodu i prljav\u0161tinu.<\/li>\n<\/ul>\n<p>Lako se sije\u010de i lijepi: Jednostavno otkinite komad trake i zalijepite ga na \u017eeljeni dio. Za par sekundi traka \u0107e se pri\u010dvrsiti.<\/p>\n<p>Traka je samoljepljiva, ne treba vam ni\u0161ta \u0161to \u0107e vam pomo\u0107i da se zalijepi, laka i prakti\u010dna za upotrebu.<\/p>\n<p>Traka se obi\u010dno koristi za prelazak \u0161avova izme\u0111u sudopera i stola, zida i stola, ne preporu\u010duje se upotreba u prelazu \u0161avova izme\u0111u zida i poda, mjesto treba o\u010distiti i osu\u0161iti prije upotrebe trake, a zatim jako pritiskati traku tako da traka \u010dvrsto prianja i traje du\u017ee.<\/p>\n<h3><strong>Za\u0161titite kupaonicu i kuhinju<\/strong><\/h3>\n<p>Oblijepite rubove kade ili tu\u0161 kabine u kupaonici. Koristite ga u kuhinji da za\u0161titite spojeve od sudopera i kuhijskih plo\u010dica.<\/p>\n<h3><strong>Samoljepljiva traka se postavlja veoma jednostavno<\/strong><\/h3>\n<p>Trajna traka je prilago\u0111ena tome, da se lako uklopi u ugao. U sredini ima otvor koji olak\u0161ava presavijanje. Na pole\u0111ini je samoljepljiva traka. Samo uklonite za\u0161titu prije nego \u0161to je postavite.<\/p>\n<h3><strong>Re\u017eite\u00a0 makazama<\/strong><\/h3>\n<p>Koristite makaze i isjecite na \u017eeljenu du\u017einu (du\u017eina trake je 3,2 m) i dodajte zareze za lak\u0161e pode\u0161avanje u uglovima.<\/p>\n<h3><strong>Jednostavno obri\u0161ite vodu i prljav\u0161tinu<\/strong><\/h3>\n<p>Traka je napravljena od PVC materijala, koji pru\u017ea otpornost na vodu i prljav\u0161tinu. Jednostavno c\u0301ete krpom obrisati vodu i druge mrlje.<\/p>\n<p>Za\u0161titite podru\u010dja oko umivaonika, kade za kupanje, tu\u0161 kabine itd. Samoljepljiva traka za kupaonicu i kuhinju je jednostavna za upotrebu. Napravljena je od visokokvalitetnog PVC materijala koji omogu\u0107ava vodootpornost.<\/p>\n","protected":false},"excerpt":{"rendered":"<ul>\n<li><strong>Za\u0161titite kupaonicu i kuhinju od vode<\/strong><\/li>\n<li><strong>Jednostavno postavljanje u nekoliko trenutaka<\/strong><\/li>\n<li><strong>Re\u017eite makazama na mjeru koja vam odgovara<\/strong><\/li>\n<li><strong>Jednostavno obri\u0161ite vodu i prljav\u0161tinu bez pola muke<\/strong><\/li>\n<li><strong>Dostupne boje:<\/strong>\n<ul>\n<li>bijela<\/li>\n<li>crna<\/li>\n<li>siva<\/li>\n<li>svijetlo sme\u0111a<\/li>\n<li>roza<\/li>\n<\/ul>\n<\/li>\n<\/ul>\n","protected":false},"featured_media":136,"comment_status":"open","ping_status":"closed","template":"","meta":[],"product_cat":[15,18],"product_tag":[],"class_list":{"0":"post-135","1":"product","2":"type-product","3":"status-publish","4":"has-post-thumbnail","6":"product_cat-uncategorized","7":"product_cat-sale","9":"first","10":"instock","11":"sale","12":"shipping-taxable","13":"purchasable","14":"product-type-simple"},"acf":[],"_links":{"self":[{"href":"https:\/\/boostdigital.ba\/azmer\/index.php\/wp-json\/wp\/v2\/product\/135","targetHints":{"allow":["GET"]}}],"collection":[{"href":"https:\/\/boostdigital.ba\/azmer\/index.php\/wp-json\/wp\/v2\/product"}],"about":[{"href":"https:\/\/boostdigital.ba\/azmer\/index.php\/wp-json\/wp\/v2\/types\/product"}],"replies":[{"embeddable":true,"href":"https:\/\/boostdigital.ba\/azmer\/index.php\/wp-json\/wp\/v2\/comments?post=135"}],"wp:featuredmedia":[{"embeddable":true,"href":"https:\/\/boostdigital.ba\/azmer\/index.php\/wp-json\/wp\/v2\/media\/136"}],"wp:attachment":[{"href":"https:\/\/boostdigital.ba\/azmer\/index.php\/wp-json\/wp\/v2\/media?parent=135"}],"wp:term":[{"taxonomy":"product_cat","embeddable":true,"href":"https:\/\/boostdigital.ba\/azmer\/index.php\/wp-json\/wp\/v2\/product_cat?post=135"},{"taxonomy":"product_tag","embeddable":true,"href":"https:\/\/boostdigital.ba\/azmer\/index.php\/wp-json\/wp\/v2\/product_tag?post=135"}],"curies":[{"name":"wp","href":"https:\/\/api.w.org\/{rel}","templated":true}]}}