{"id":128,"date":"2024-01-03T08:28:40","date_gmt":"2024-01-03T08:28:40","guid":{"rendered":"https:\/\/boostdigital.ba\/azmer\/?post_type=product&#038;p=128"},"modified":"2024-01-18T10:12:20","modified_gmt":"2024-01-18T10:12:20","slug":"dvostrana-ljepljiva-traka","status":"publish","type":"product","link":"https:\/\/boostdigital.ba\/azmer\/index.php\/product\/dvostrana-ljepljiva-traka\/","title":{"rendered":"Dvostrana ljepljiva traka"},"content":{"rendered":"<p style=\"background: white; margin: 0in 0in 15.6pt 0in;\"><strong>Univerzalna dvostrana ljepljiva traka namijenjena za lijepljenje na svim povr\u0161inama du\u017eine 3m.<\/strong><\/p>\n<p style=\"background: white; margin: 0in 0in 15.6pt 0in;\">Mo\u017eete je primijeniti u <strong>automobilu, kuhinji, toalet u, ormaru, stolu<\/strong> i mnogim drugim mjestima za dr\u017eanje stvari poput <strong>daljinskog upravlja\u010da, kamere, telefona, tipki, ogledala, jastu\u010di\u0107a itd. <\/strong><\/p>\n<p style=\"background: white; margin: 0in 0in 15.6pt 0in;\"><strong>Velika snaga lijepljenja<\/strong> \u2013 mo\u017ee da dr\u017ei predmete do <strong>1kg<\/strong> na glatkim povr\u0161inama. Mo\u017ee se rezati na bilo koju <strong>veli\u010dinu i oblik!<\/strong><\/p>\n<p style=\"background: white; margin: 0in 0in 15.6pt 0in;\">Lahko se uklanja sa povr\u0161ina, nec\u0301e o\u0161tetiti va\u0161e povr\u0161ine i zidove. Mo\u017ee se koristiti vi\u0161e puta. Izra\u0111ena je od kvalitetnog silikona sa posebnim lijepkom na bazi gume koji daju traci veliku snagu i fleksibilnost . Prije postavljanja trake, potrebno je da kontaktna povr\u0161ina bude \u010dista i suha, strogo slijedite opis, nije namijenjen grubim, masnim, osjetljivim ili granuliranim povr\u0161inama<\/p>\n<p style=\"background: white; margin: 0in 0in 15.6pt 0in;\"><strong>Elasti\u010dna traka se lijepi na sve povr\u0161ine <\/strong><\/p>\n<p style=\"background: white; margin: 0in 0in 15.6pt 0in;\">Univerzalna traka je izuzetno elasti\u010dna, zato je mo\u017eete koristiti na razli\u010ditim povr\u0161inama kao \u0161to su staklo, plo\u010dice, drvo, ko\u017ea itd. Zbog otpornosti na vlagu, mo\u017ee se koristiti u zatvorenom ili otvorenom prostoru.<\/p>\n<p style=\"background: white; margin: 0in 0in 15.6pt 0in;\"><strong>Korisno za automobil<\/strong><\/p>\n<p style=\"background: white; margin: 0in 0in 15.6pt 0in;\">U unutarnjosti mo\u017eete pri\u010dvrstiti ukrase ili dodatnu ladicu na sjedi\u0161te ili upravlja\u010dku plo\u010du. Instalirajte <strong>mobitel, pri\u010dvrstite sve kabelove koje koristite za punjenje mobitela ili tableta.<\/strong> Izbjegavajte bu\u0161enje zidova ili ormana. <strong>Sticky je koristan svugdje<\/strong>. Mo\u017eete da ga koristiti u ku\u0107i, da objesite razne predmete \u2013 <strong>nao\u010dale, mobitel, klju\u010deve, posu\u0111e, uramljene slike pa \u010dak i vje\u0161alice.<\/strong> Tako\u0111er se mo\u017ee koristiti pri sprije\u010davanju <strong>tro\u0161enja tepiha, \u0161tampa\u010da, garniture za sjedenje itd.<\/strong> Posebno je pogodan za studentske sobe ili iznajmljivanje stanova zato \u0161to ne ostavlja trag.<\/p>\n<p style=\"background: white; margin: 0in 0in 15.6pt 0in;\"><strong> Ekolo\u0161ki-upotrebljiv vi\u0161e puta <\/strong><\/p>\n<p style=\"background: white; margin: 0in 0in 15.6pt 0in;\">Univerzalna dvostrana traka mo\u017ee se koristiti <strong>vi\u0161e puta.<\/strong> Nakon upotrebe lahko se uklanja i ispira pod teku\u0107om vodom. Nakon \u0161to se osu\u0161i, ve\u0107 se mo\u017ee koristiti za novi projekat.<\/p>\n","protected":false},"excerpt":{"rendered":"<p><strong>DIMENZIJE:<\/strong><\/p>\n<p>\u2022 \u0160irina trake: 30mm<br \/>\n\u2022 Debljina trake: 3.0mm<br \/>\n\u2022 Du\u017eina trake : 3 m<\/p>\n","protected":false},"featured_media":129,"comment_status":"open","ping_status":"closed","template":"","meta":[],"product_cat":[15,18],"product_tag":[],"class_list":{"0":"post-128","1":"product","2":"type-product","3":"status-publish","4":"has-post-thumbnail","6":"product_cat-uncategorized","7":"product_cat-sale","9":"first","10":"instock","11":"sale","12":"shipping-taxable","13":"purchasable","14":"product-type-simple"},"acf":[],"_links":{"self":[{"href":"https:\/\/boostdigital.ba\/azmer\/index.php\/wp-json\/wp\/v2\/product\/128","targetHints":{"allow":["GET"]}}],"collection":[{"href":"https:\/\/boostdigital.ba\/azmer\/index.php\/wp-json\/wp\/v2\/product"}],"about":[{"href":"https:\/\/boostdigital.ba\/azmer\/index.php\/wp-json\/wp\/v2\/types\/product"}],"replies":[{"embeddable":true,"href":"https:\/\/boostdigital.ba\/azmer\/index.php\/wp-json\/wp\/v2\/comments?post=128"}],"wp:featuredmedia":[{"embeddable":true,"href":"https:\/\/boostdigital.ba\/azmer\/index.php\/wp-json\/wp\/v2\/media\/129"}],"wp:attachment":[{"href":"https:\/\/boostdigital.ba\/azmer\/index.php\/wp-json\/wp\/v2\/media?parent=128"}],"wp:term":[{"taxonomy":"product_cat","embeddable":true,"href":"https:\/\/boostdigital.ba\/azmer\/index.php\/wp-json\/wp\/v2\/product_cat?post=128"},{"taxonomy":"product_tag","embeddable":true,"href":"https:\/\/boostdigital.ba\/azmer\/index.php\/wp-json\/wp\/v2\/product_tag?post=128"}],"curies":[{"name":"wp","href":"https:\/\/api.w.org\/{rel}","templated":true}]}}