{"id":116,"date":"2024-01-03T07:03:43","date_gmt":"2024-01-03T07:03:43","guid":{"rendered":"https:\/\/boostdigital.ba\/azmer\/?post_type=product&#038;p=116"},"modified":"2024-01-18T10:12:20","modified_gmt":"2024-01-18T10:12:20","slug":"laser-metar","status":"publish","type":"product","link":"https:\/\/boostdigital.ba\/azmer\/index.php\/product\/laser-metar\/","title":{"rendered":"Laserski metar"},"content":{"rendered":"<p>Ovaj profesionalni mjera\u010d udaljenosti koristi lasersku tehnologiju za precizno i brzo mjerenje udaljenosti, povr\u0161ine i zapremine.<\/p>\n<p>Ima \u0161irok opseg mjerenja\u00a0<strong>40 m (131ft) i posebno visoku ta\u010dnost \u00b1 2 mm.<\/strong>\u00a0Uz to, ovaj mjera\u010d mo\u017ee koristiti\u00a0<strong>Pitagorinu<\/strong>\u00a0teoremu za indirektno mjerenje udaljenosti ili du\u017eine kada izravno mjerenje nije mogu\u0107e.<\/p>\n<p>Ovaj mjera\u010d tako\u0111er ima razli\u010dite funkcije, uklju\u010duju\u0107i<\/p>\n<ul>\n<li>kontinuirano mjerenje,<\/li>\n<li>funkciju sabiranja<\/li>\n<li>oduzimanja i mjerenje Maks\/Min.<\/li>\n<\/ul>\n<p>Ostale glavne zna\u010dajke uklju\u010duju 99 memorija podataka, preklopne jedinice (metar, in\u010d i stope) i LCD zaslon s pozadinskim osvjetljenjem s prikazom na vi\u0161e linija.<\/p>\n<p>Laserski mjera\u010d udaljenosti ima \u0161iroku primjenu u gra\u0111evinarstvu i industriji. Veoma je korisno i prikladno mo\u017eete da postignete ta\u010dno mjerenje udaljenosti, povr\u0161ine i zapremine, posebno na velikim povr\u0161inama poput\u00a0<strong>soba, stanova, zgrada, nekretnina, fabrika, skladi\u0161ta, vrtova, puteva, infrastrukture itd.<\/strong><\/p>\n","protected":false},"excerpt":{"rendered":"<p>Ovaj profesionalni mjera\u010d udaljenosti koristi lasersku tehnologiju za precizno i brzo mjerenje udaljenosti, povr\u0161ine i zapremine. Ima \u0161irok opseg mjerenja\u00a040 m (131ft) i posebno visoku ta\u010dnost \u00b1 2 mm.\u00a0Uz to,<\/p>\n","protected":false},"featured_media":119,"comment_status":"open","ping_status":"closed","template":"","meta":[],"product_cat":[15,18],"product_tag":[],"class_list":{"0":"post-116","1":"product","2":"type-product","3":"status-publish","4":"has-post-thumbnail","6":"product_cat-uncategorized","7":"product_cat-sale","9":"first","10":"instock","11":"sale","12":"shipping-taxable","13":"purchasable","14":"product-type-simple"},"acf":[],"_links":{"self":[{"href":"https:\/\/boostdigital.ba\/azmer\/index.php\/wp-json\/wp\/v2\/product\/116","targetHints":{"allow":["GET"]}}],"collection":[{"href":"https:\/\/boostdigital.ba\/azmer\/index.php\/wp-json\/wp\/v2\/product"}],"about":[{"href":"https:\/\/boostdigital.ba\/azmer\/index.php\/wp-json\/wp\/v2\/types\/product"}],"replies":[{"embeddable":true,"href":"https:\/\/boostdigital.ba\/azmer\/index.php\/wp-json\/wp\/v2\/comments?post=116"}],"wp:featuredmedia":[{"embeddable":true,"href":"https:\/\/boostdigital.ba\/azmer\/index.php\/wp-json\/wp\/v2\/media\/119"}],"wp:attachment":[{"href":"https:\/\/boostdigital.ba\/azmer\/index.php\/wp-json\/wp\/v2\/media?parent=116"}],"wp:term":[{"taxonomy":"product_cat","embeddable":true,"href":"https:\/\/boostdigital.ba\/azmer\/index.php\/wp-json\/wp\/v2\/product_cat?post=116"},{"taxonomy":"product_tag","embeddable":true,"href":"https:\/\/boostdigital.ba\/azmer\/index.php\/wp-json\/wp\/v2\/product_tag?post=116"}],"curies":[{"name":"wp","href":"https:\/\/api.w.org\/{rel}","templated":true}]}}